{"id":737,"date":"2024-04-02T18:45:12","date_gmt":"2024-04-02T18:45:12","guid":{"rendered":"http:\/\/bcmw.com.mx\/?page_id=737"},"modified":"2024-05-01T19:14:50","modified_gmt":"2024-05-01T19:14:50","slug":"gabinetes","status":"publish","type":"page","link":"http:\/\/bcmw.com.mx\/productos\/gabinetes\/","title":{"rendered":"Cabinets"},"content":{"rendered":"<p>[et_pb_section fb_built=&#8221;1&#8243; custom_padding_last_edited=&#8221;on|desktop&#8221; module_class=&#8221;bcmw-products__section&#8221; _builder_version=&#8221;4.24.2&#8243; _module_preset=&#8221;default&#8221; background_enable_color=&#8221;off&#8221; custom_margin=&#8221;||96px||false|false&#8221; custom_margin_tablet=&#8221;||80px||false|false&#8221; custom_margin_phone=&#8221;&#8221; custom_margin_last_edited=&#8221;on|tablet&#8221; custom_padding=&#8221;96px||0px||false|false&#8221; custom_padding_tablet=&#8221;24px||||false|false&#8221; custom_padding_phone=&#8221;24px||||false|false&#8221; custom_css_free_form=&#8221;\/* Gallery section *\/||.bcmw-products__section{||}||\/* Row container gallery *\/||.bcmw-products__section .bcmw-products__gallery{||  gap: 16px;||}||\/* Columns *\/||.bcmw-products__section .bcmw-products__gallery .et_pb_column{||  display: flex;||  flex-direction: column;||  gap: 16px;||}||.bcmw-products__section .bcmw-products__gallery .et_pb_column .dsm_perspective_image{||  margin: 0;||}||\/* Supreme Image container *\/||.bcmw-products__section .bcmw-products__gallery .et_pb_column .dsm_perspective_image .et_pb_image_wrap{||  min-height: 300px;||  border-radius: 8px;||  overflow: hidden;||} ||\/* Image element *\/||.bcmw-products__section .bcmw-products__gallery .et_pb_column .dsm_perspective_image img{||  object-fit: cover;||  height: 100%;||  cursor: zoom-in;||}||\/* Button element *\/||.mfp-figure button{||  display: none;||}||\/* Lightbox container *\/||.mfp-wrap .mfp-content .mfp-figure figure{||  width: 600px;||  height: 600px;||}||.mfp-wrap .mfp-content .mfp-figure figure figcaption{||  display: none;||}||\/*** Responsive Styles Tablet And Below ***\/||@media all and (max-width: 980px) {|| .mfp-wrap .mfp-content .mfp-figure figure{||  \twidth: 100%;||  \theight: 500px;||\t}||}||\/* Lightbox image *\/||.mfp-wrap .mfp-content .mfp-figure .mfp-img{||  padding: 0;||  height: 100%;||  object-fit: cover;||}||\/* Lightbox image out animation *\/||.mfp-animated-image{||  display: none;||}&#8221; global_colors_info=&#8221;{}&#8221;][et_pb_row column_structure=&#8221;1_2,1_2&#8243; use_custom_gutter=&#8221;on&#8221; gutter_width=&#8221;1&#8243; custom_padding_last_edited=&#8221;on|tablet&#8221; _builder_version=&#8221;4.24.2&#8243; _module_preset=&#8221;default&#8221; width=&#8221;1920px&#8221; max_width=&#8221;100%&#8221; custom_margin=&#8221;||64px||false|false&#8221; custom_margin_tablet=&#8221;||56px||false|false&#8221; custom_margin_phone=&#8221;||56px||false|false&#8221; custom_margin_last_edited=&#8221;on|desktop&#8221; custom_padding=&#8221;0px|96px|0px|96px|false|true&#8221; custom_padding_tablet=&#8221;|24px||24px|true|true&#8221; custom_padding_phone=&#8221;||||true|true&#8221; global_colors_info=&#8221;{}&#8221;][et_pb_column type=&#8221;1_2&#8243; _builder_version=&#8221;4.24.2&#8243; _module_preset=&#8221;default&#8221; global_colors_info=&#8221;{}&#8221;][et_pb_text _builder_version=&#8221;4.24.2&#8243; _module_preset=&#8221;default&#8221; header_2_font=&#8221;|600|||||||&#8221; header_2_text_color=&#8221;#126ee4&#8243; header_2_font_size=&#8221;49px&#8221; custom_margin=&#8221;||0px||false|false&#8221; custom_padding=&#8221;0px||0px||false|false&#8221; header_2_text_align_tablet=&#8221;&#8221; header_2_text_align_phone=&#8221;&#8221; header_2_text_align_last_edited=&#8221;on|tablet&#8221; global_colors_info=&#8221;{}&#8221;]<\/p>\n<h2>GABINETES<\/h2>\n<p>[\/et_pb_text][et_pb_text _builder_version=&#8221;4.24.2&#8243; _module_preset=&#8221;default&#8221; text_font=&#8221;Open Sans||||||||&#8221; text_text_color=&#8221;#5c5c5c&#8221; global_colors_info=&#8221;{}&#8221;]<\/p>\n<p><span>Nuestros gabinetes son la soluci\u00f3n perfecta para organizar y proteger sus equipos y herramientas. Disponibles en una variedad de tama\u00f1os y configuraciones, nuestros gabinetes est\u00e1n dise\u00f1ados para adaptarse a cualquier espacio y cumplir con los est\u00e1ndares.<\/span><br \/><span data-metadata=\"&lt;!--(figmeta)eyJmaWxlS2V5IjoiNXB2TXFYbGx4UDdnZTFJODQ2WXhSdCIsInBhc3RlSUQiOjc0ODc1NDQwNywiZGF0YVR5cGUiOiJzY2VuZSJ9Cg==(\/figmeta)--&gt;\"><\/span><\/p>\n<p>[\/et_pb_text][\/et_pb_column][et_pb_column type=&#8221;1_2&#8243; disabled_on=&#8221;on|on|off&#8221; _builder_version=&#8221;4.24.2&#8243; _module_preset=&#8221;default&#8221; global_colors_info=&#8221;{}&#8221;][\/et_pb_column][\/et_pb_row][et_pb_row column_structure=&#8221;1_2,1_2&#8243; use_custom_gutter=&#8221;on&#8221; gutter_width=&#8221;1&#8243; custom_padding_last_edited=&#8221;on|tablet&#8221; _builder_version=&#8221;4.24.2&#8243; _module_preset=&#8221;default&#8221; width=&#8221;1920px&#8221; max_width=&#8221;100%&#8221; custom_margin=&#8221;||24px||false|false&#8221; custom_margin_tablet=&#8221;||56px||false|false&#8221; custom_margin_phone=&#8221;||56px||false|false&#8221; custom_margin_last_edited=&#8221;on|desktop&#8221; custom_padding=&#8221;0px|96px|0px|96px|false|true&#8221; custom_padding_tablet=&#8221;|24px||24px|true|true&#8221; custom_padding_phone=&#8221;||||true|true&#8221; global_colors_info=&#8221;{}&#8221;][et_pb_column type=&#8221;1_2&#8243; _builder_version=&#8221;4.24.2&#8243; _module_preset=&#8221;default&#8221; global_colors_info=&#8221;{}&#8221;][et_pb_text _builder_version=&#8221;4.24.2&#8243; _module_preset=&#8221;default&#8221; text_font=&#8221;Open Sans||||||||&#8221; text_text_color=&#8221;#5c5c5c&#8221; header_4_font_size=&#8221;31px&#8221; global_colors_info=&#8221;{}&#8221;]<\/p>\n<h4><span data-metadata=\"&lt;!--(figmeta)eyJmaWxlS2V5IjoiNXB2TXFYbGx4UDdnZTFJODQ2WXhSdCIsInBhc3RlSUQiOjc0ODc1NDQwNywiZGF0YVR5cGUiOiJzY2VuZSJ9Cg==(\/figmeta)--&gt;\"><\/span>PRODUCTO TERMINADO PARA FABRICANTES DE TRANSFORMADORES<\/h4>\n<p>[\/et_pb_text][\/et_pb_column][et_pb_column type=&#8221;1_2&#8243; disabled_on=&#8221;on|on|off&#8221; _builder_version=&#8221;4.24.2&#8243; _module_preset=&#8221;default&#8221; global_colors_info=&#8221;{}&#8221;][\/et_pb_column][\/et_pb_row][et_pb_row column_structure=&#8221;1_4,1_4,1_4,1_4&#8243; use_custom_gutter=&#8221;on&#8221; gutter_width=&#8221;1&#8243; make_equal=&#8221;on&#8221; custom_padding_last_edited=&#8221;on|tablet&#8221; module_class=&#8221;bcmw-products__gallery&#8221; _builder_version=&#8221;4.24.2&#8243; _module_preset=&#8221;default&#8221; width=&#8221;1920px&#8221; max_width=&#8221;100%&#8221; custom_margin=&#8221;||64px||false|false&#8221; custom_margin_tablet=&#8221;||56px||false|false&#8221; custom_margin_phone=&#8221;||56px||false|false&#8221; custom_margin_last_edited=&#8221;on|desktop&#8221; custom_padding=&#8221;0px|96px|0px|80px|false|false&#8221; custom_padding_tablet=&#8221;|24px||24px|true|true&#8221; custom_padding_phone=&#8221;||||true|true&#8221; global_colors_info=&#8221;{}&#8221;][et_pb_column type=&#8221;1_4&#8243; _builder_version=&#8221;4.24.2&#8243; _module_preset=&#8221;default&#8221; global_colors_info=&#8221;{}&#8221;][dsm_perspective_image src=&#8221;http:\/\/bcmw.com.mx\/wp-content\/uploads\/2024\/04\/gabinetes-01-350&#215;350-1.webp&#8221; title_text=&#8221;gabinetes-01-600&#215;600&#8243; show_in_lightbox=&#8221;on&#8221; show_lightbox_other_img=&#8221;on&#8221; show_lightbox_other_img_src=&#8221;http:\/\/bcmw.com.mx\/wp-content\/uploads\/2024\/04\/gabinetes-01-600&#215;600-1.webp&#8221; _builder_version=&#8221;4.24.2&#8243; _module_preset=&#8221;default&#8221; global_colors_info=&#8221;{}&#8221;][\/dsm_perspective_image][dsm_perspective_image src=&#8221;http:\/\/bcmw.com.mx\/wp-content\/uploads\/2024\/04\/gabinetes-05-350&#215;350-1.webp&#8221; title_text=&#8221;gabinetes-05-600&#215;600&#8243; show_in_lightbox=&#8221;on&#8221; show_lightbox_other_img=&#8221;on&#8221; show_lightbox_other_img_src=&#8221;http:\/\/bcmw.com.mx\/wp-content\/uploads\/2024\/04\/gabinetes-05-600&#215;600-1.webp&#8221; _builder_version=&#8221;4.24.2&#8243; _module_preset=&#8221;default&#8221; global_colors_info=&#8221;{}&#8221;][\/dsm_perspective_image][dsm_perspective_image src=&#8221;http:\/\/bcmw.com.mx\/wp-content\/uploads\/2024\/04\/gabinetes-09-350&#215;350-1.webp&#8221; title_text=&#8221;gabinetes-09-600&#215;600&#8243; show_in_lightbox=&#8221;on&#8221; show_lightbox_other_img=&#8221;on&#8221; show_lightbox_other_img_src=&#8221;http:\/\/bcmw.com.mx\/wp-content\/uploads\/2024\/04\/gabinetes-09-600&#215;600-1.webp&#8221; _builder_version=&#8221;4.24.2&#8243; _module_preset=&#8221;default&#8221; global_colors_info=&#8221;{}&#8221;][\/dsm_perspective_image][dsm_perspective_image src=&#8221;http:\/\/bcmw.com.mx\/wp-content\/uploads\/2024\/04\/gabinetes-13-350&#215;350-1.webp&#8221; title_text=&#8221;gabinetes-13-600&#215;600&#8243; show_in_lightbox=&#8221;on&#8221; show_lightbox_other_img=&#8221;on&#8221; show_lightbox_other_img_src=&#8221;http:\/\/bcmw.com.mx\/wp-content\/uploads\/2024\/04\/gabinetes-13-600&#215;600-1.webp&#8221; _builder_version=&#8221;4.24.2&#8243; _module_preset=&#8221;default&#8221; global_colors_info=&#8221;{}&#8221;][\/dsm_perspective_image][dsm_perspective_image src=&#8221;http:\/\/bcmw.com.mx\/wp-content\/uploads\/2024\/04\/gabinetes-17-350&#215;350-1.webp&#8221; title_text=&#8221;gabinetes-17-600&#215;600&#8243; show_in_lightbox=&#8221;on&#8221; show_lightbox_other_img=&#8221;on&#8221; show_lightbox_other_img_src=&#8221;http:\/\/bcmw.com.mx\/wp-content\/uploads\/2024\/04\/gabinetes-17-600&#215;600-1.webp&#8221; _builder_version=&#8221;4.24.2&#8243; _module_preset=&#8221;default&#8221; global_colors_info=&#8221;{}&#8221;][\/dsm_perspective_image][\/et_pb_column][et_pb_column type=&#8221;1_4&#8243; _builder_version=&#8221;4.24.2&#8243; _module_preset=&#8221;default&#8221; global_colors_info=&#8221;{}&#8221;][dsm_perspective_image src=&#8221;http:\/\/bcmw.com.mx\/wp-content\/uploads\/2024\/04\/gabinetes-02-350&#215;350-1.webp&#8221; title_text=&#8221;gabinetes-02-600&#215;600&#8243; show_in_lightbox=&#8221;on&#8221; show_lightbox_other_img=&#8221;on&#8221; show_lightbox_other_img_src=&#8221;http:\/\/bcmw.com.mx\/wp-content\/uploads\/2024\/04\/gabinetes-02-600&#215;600-1.webp&#8221; _builder_version=&#8221;4.24.2&#8243; _module_preset=&#8221;default&#8221; global_colors_info=&#8221;{}&#8221;][\/dsm_perspective_image][dsm_perspective_image src=&#8221;http:\/\/bcmw.com.mx\/wp-content\/uploads\/2024\/04\/gabinetes-06-350&#215;350-1.webp&#8221; title_text=&#8221;gabinetes-06-600&#215;600&#8243; show_in_lightbox=&#8221;on&#8221; show_lightbox_other_img=&#8221;on&#8221; show_lightbox_other_img_src=&#8221;http:\/\/bcmw.com.mx\/wp-content\/uploads\/2024\/04\/gabinetes-06-600&#215;600-1.webp&#8221; _builder_version=&#8221;4.24.2&#8243; _module_preset=&#8221;default&#8221; global_colors_info=&#8221;{}&#8221;][\/dsm_perspective_image][dsm_perspective_image src=&#8221;http:\/\/bcmw.com.mx\/wp-content\/uploads\/2024\/04\/gabinetes-10-350&#215;350-1.webp&#8221; title_text=&#8221;gabinetes-10-600&#215;600&#8243; show_in_lightbox=&#8221;on&#8221; show_lightbox_other_img=&#8221;on&#8221; show_lightbox_other_img_src=&#8221;http:\/\/bcmw.com.mx\/wp-content\/uploads\/2024\/04\/gabinetes-10-600&#215;600-1.webp&#8221; _builder_version=&#8221;4.24.2&#8243; _module_preset=&#8221;default&#8221; global_colors_info=&#8221;{}&#8221;][\/dsm_perspective_image][dsm_perspective_image src=&#8221;http:\/\/bcmw.com.mx\/wp-content\/uploads\/2024\/04\/gabinetes-14-350&#215;350-1.webp&#8221; title_text=&#8221;gabinetes-14-600&#215;600&#8243; show_in_lightbox=&#8221;on&#8221; show_lightbox_other_img=&#8221;on&#8221; show_lightbox_other_img_src=&#8221;http:\/\/bcmw.com.mx\/wp-content\/uploads\/2024\/04\/gabinetes-14-600&#215;600-1.webp&#8221; _builder_version=&#8221;4.24.2&#8243; _module_preset=&#8221;default&#8221; global_colors_info=&#8221;{}&#8221;][\/dsm_perspective_image][dsm_perspective_image src=&#8221;http:\/\/bcmw.com.mx\/wp-content\/uploads\/2024\/04\/gabinetes-18-600&#215;600-1.webp&#8221; title_text=&#8221;gabinetes-18-600&#215;600&#8243; show_in_lightbox=&#8221;on&#8221; show_lightbox_other_img=&#8221;on&#8221; show_lightbox_other_img_src=&#8221;http:\/\/bcmw.com.mx\/wp-content\/uploads\/2024\/04\/gabinetes-18-600&#215;600-1.webp&#8221; _builder_version=&#8221;4.24.2&#8243; _module_preset=&#8221;default&#8221; global_colors_info=&#8221;{}&#8221;][\/dsm_perspective_image][\/et_pb_column][et_pb_column type=&#8221;1_4&#8243; _builder_version=&#8221;4.24.2&#8243; _module_preset=&#8221;default&#8221; global_colors_info=&#8221;{}&#8221;][dsm_perspective_image src=&#8221;http:\/\/bcmw.com.mx\/wp-content\/uploads\/2024\/04\/gabinetes-03-350&#215;350-1.webp&#8221; title_text=&#8221;gabinetes-03-600&#215;600&#8243; show_in_lightbox=&#8221;on&#8221; show_lightbox_other_img=&#8221;on&#8221; show_lightbox_other_img_src=&#8221;http:\/\/bcmw.com.mx\/wp-content\/uploads\/2024\/04\/gabinetes-03-600&#215;600-1.webp&#8221; _builder_version=&#8221;4.24.2&#8243; _module_preset=&#8221;default&#8221; global_colors_info=&#8221;{}&#8221;][\/dsm_perspective_image][dsm_perspective_image src=&#8221;http:\/\/bcmw.com.mx\/wp-content\/uploads\/2024\/04\/gabinetes-07-600&#215;600-1.webp&#8221; title_text=&#8221;gabinetes-07-600&#215;600&#8243; show_in_lightbox=&#8221;on&#8221; show_lightbox_other_img=&#8221;on&#8221; show_lightbox_other_img_src=&#8221;http:\/\/bcmw.com.mx\/wp-content\/uploads\/2024\/04\/gabinetes-07-600&#215;600-1.webp&#8221; _builder_version=&#8221;4.24.2&#8243; _module_preset=&#8221;default&#8221; global_colors_info=&#8221;{}&#8221;][\/dsm_perspective_image][dsm_perspective_image src=&#8221;http:\/\/bcmw.com.mx\/wp-content\/uploads\/2024\/04\/gabinetes-11-350&#215;350-1.webp&#8221; title_text=&#8221;gabinetes-11-600&#215;600&#8243; show_in_lightbox=&#8221;on&#8221; show_lightbox_other_img=&#8221;on&#8221; show_lightbox_other_img_src=&#8221;http:\/\/bcmw.com.mx\/wp-content\/uploads\/2024\/04\/gabinetes-11-600&#215;600-1.webp&#8221; _builder_version=&#8221;4.24.2&#8243; _module_preset=&#8221;default&#8221; global_colors_info=&#8221;{}&#8221;][\/dsm_perspective_image][dsm_perspective_image src=&#8221;http:\/\/bcmw.com.mx\/wp-content\/uploads\/2024\/04\/gabinetes-15-350&#215;350-1.webp&#8221; title_text=&#8221;gabinetes-15-600&#215;600&#8243; show_in_lightbox=&#8221;on&#8221; show_lightbox_other_img=&#8221;on&#8221; show_lightbox_other_img_src=&#8221;http:\/\/bcmw.com.mx\/wp-content\/uploads\/2024\/04\/gabinetes-15-600&#215;600-1.webp&#8221; _builder_version=&#8221;4.24.2&#8243; _module_preset=&#8221;default&#8221; global_colors_info=&#8221;{}&#8221;][\/dsm_perspective_image][dsm_perspective_image src=&#8221;http:\/\/bcmw.com.mx\/wp-content\/uploads\/2024\/04\/gabinetes-19-350&#215;350-1.webp&#8221; title_text=&#8221;gabinetes-19-600&#215;600&#8243; show_in_lightbox=&#8221;on&#8221; show_lightbox_other_img=&#8221;on&#8221; show_lightbox_other_img_src=&#8221;http:\/\/bcmw.com.mx\/wp-content\/uploads\/2024\/04\/gabinetes-19-600&#215;600-1.webp&#8221; _builder_version=&#8221;4.24.2&#8243; _module_preset=&#8221;default&#8221; global_colors_info=&#8221;{}&#8221;][\/dsm_perspective_image][\/et_pb_column][et_pb_column type=&#8221;1_4&#8243; _builder_version=&#8221;4.24.2&#8243; _module_preset=&#8221;default&#8221; global_colors_info=&#8221;{}&#8221;][dsm_perspective_image src=&#8221;http:\/\/bcmw.com.mx\/wp-content\/uploads\/2024\/04\/gabinetes-04-350&#215;350-1.webp&#8221; title_text=&#8221;gabinetes-04-600&#215;600&#8243; show_in_lightbox=&#8221;on&#8221; show_lightbox_other_img=&#8221;on&#8221; show_lightbox_other_img_src=&#8221;http:\/\/bcmw.com.mx\/wp-content\/uploads\/2024\/04\/gabinetes-04-600&#215;600-1.webp&#8221; _builder_version=&#8221;4.24.2&#8243; _module_preset=&#8221;default&#8221; global_colors_info=&#8221;{}&#8221;][\/dsm_perspective_image][dsm_perspective_image src=&#8221;http:\/\/bcmw.com.mx\/wp-content\/uploads\/2024\/04\/gabinetes-08-350&#215;350-1.webp&#8221; title_text=&#8221;gabinetes-08-600&#215;600&#8243; show_in_lightbox=&#8221;on&#8221; show_lightbox_other_img=&#8221;on&#8221; show_lightbox_other_img_src=&#8221;http:\/\/bcmw.com.mx\/wp-content\/uploads\/2024\/04\/gabinetes-08-600&#215;600-1.webp&#8221; _builder_version=&#8221;4.24.2&#8243; _module_preset=&#8221;default&#8221; global_colors_info=&#8221;{}&#8221;][\/dsm_perspective_image][dsm_perspective_image src=&#8221;http:\/\/bcmw.com.mx\/wp-content\/uploads\/2024\/04\/gabinetes-12-350&#215;350-1.webp&#8221; title_text=&#8221;gabinetes-12-600&#215;600&#8243; show_in_lightbox=&#8221;on&#8221; show_lightbox_other_img=&#8221;on&#8221; show_lightbox_other_img_src=&#8221;http:\/\/bcmw.com.mx\/wp-content\/uploads\/2024\/04\/gabinetes-12-600&#215;600-1.webp&#8221; _builder_version=&#8221;4.24.2&#8243; _module_preset=&#8221;default&#8221; global_colors_info=&#8221;{}&#8221;][\/dsm_perspective_image][dsm_perspective_image src=&#8221;http:\/\/bcmw.com.mx\/wp-content\/uploads\/2024\/04\/gabinetes-16-350&#215;350-1.webp&#8221; title_text=&#8221;gabinetes-16-600&#215;600&#8243; show_in_lightbox=&#8221;on&#8221; show_lightbox_other_img=&#8221;on&#8221; show_lightbox_other_img_src=&#8221;http:\/\/bcmw.com.mx\/wp-content\/uploads\/2024\/04\/gabinetes-16-600&#215;600-1.webp&#8221; _builder_version=&#8221;4.24.2&#8243; _module_preset=&#8221;default&#8221; global_colors_info=&#8221;{}&#8221;][\/dsm_perspective_image][dsm_perspective_image src=&#8221;http:\/\/bcmw.com.mx\/wp-content\/uploads\/2024\/04\/gabinetes-20-350&#215;350-1.webp&#8221; title_text=&#8221;gabinetes-20-600&#215;600&#8243; show_in_lightbox=&#8221;on&#8221; show_lightbox_other_img=&#8221;on&#8221; show_lightbox_other_img_src=&#8221;http:\/\/bcmw.com.mx\/wp-content\/uploads\/2024\/04\/gabinetes-20-600&#215;600-1.webp&#8221; _builder_version=&#8221;4.24.2&#8243; _module_preset=&#8221;default&#8221; global_colors_info=&#8221;{}&#8221;][\/dsm_perspective_image][\/et_pb_column][\/et_pb_row][\/et_pb_section]<\/p>\n","protected":false},"excerpt":{"rendered":"<p>GABINETESNuestros gabinetes son la soluci\u00f3n perfecta para organizar y proteger sus equipos y herramientas. Disponibles en una variedad de tama\u00f1os y configuraciones, nuestros gabinetes est\u00e1n dise\u00f1ados para adaptarse a cualquier espacio y cumplir con los est\u00e1ndares.PRODUCTO TERMINADO PARA FABRICANTES DE TRANSFORMADORES<div class=\"et_pb_module dsm_perspective_image dsm_perspective_image_0\">\n\t\t\t\t\n\t\t\t\t\n\t\t\t\t\n\t\t\t\t\n\t\t\t\t\n\t\t\t\t\n\t\t\t\t<div class=\"et_pb_module_inner\">\n\t\t\t\t\t<div class=\"dsm-perspective-image-wrapper et_always_center_on_mobile\">\n\t\t\t\t\n\t\t\t\t\n\t\t\t\t<a href=\"http:\/\/bcmw.com.mx\/wp-content\/uploads\/2024\/04\/gabinetes-01-350x350-1.webp\" class=\"et_pb_lightbox_image dsm-image-lightbox\" title=\"gabinetes-01-600x600\" alt=\"\" data-mfp-src=\"http:\/\/bcmw.com.mx\/wp-content\/uploads\/2024\/04\/gabinetes-01-600x600-1.webp\" data-dsm-lightbox-id=\"dsm_perspective_image_0\"><span class=\"et_pb_image_wrap \"><img decoding=\"async\" src=\"http:\/\/bcmw.com.mx\/wp-content\/uploads\/2024\/04\/gabinetes-01-350x350-1.webp\" alt=\"\" title=\"gabinetes-01-600x600\" \/><\/span><\/a>\n\t\t\t<\/div>\n\t\t\t\t<\/div>\n\t\t\t<\/div><div class=\"et_pb_module dsm_perspective_image dsm_perspective_image_1\">\n\t\t\t\t\n\t\t\t\t\n\t\t\t\t\n\t\t\t\t\n\t\t\t\t\n\t\t\t\t\n\t\t\t\t<div class=\"et_pb_module_inner\">\n\t\t\t\t\t<div class=\"dsm-perspective-image-wrapper et_always_center_on_mobile\">\n\t\t\t\t\n\t\t\t\t\n\t\t\t\t<span class=\"et_pb_image_wrap \"><img decoding=\"async\" src=\"&#8221;http:\/\/bcmw.com.mx\/wp-content\/uploads\/2024\/04\/gabinetes-05-350&#215;350-1.webp&#8221;\" alt=\"\" title=\"&#8221;gabinetes-05-600&#215;600&#8243;\" \/><\/span>\n\t\t\t<\/div>\n\t\t\t\t<\/div>\n\t\t\t<\/div><\/p>\n","protected":false},"author":1,"featured_media":0,"parent":742,"menu_order":0,"comment_status":"closed","ping_status":"closed","template":"","meta":{"_et_pb_use_builder":"on","_et_pb_old_content":"","_et_gb_content_width":"","footnotes":""},"folder":[],"class_list":["post-737","page","type-page","status-publish","hentry"],"yoast_head":"<!-- This site is optimized with the Yoast SEO plugin v22.6 - https:\/\/yoast.com\/wordpress\/plugins\/seo\/ -->\n<title>Cabinets<\/title>\n<meta name=\"robots\" content=\"index, follow, max-snippet:-1, max-image-preview:large, max-video-preview:-1\" \/>\n<link rel=\"canonical\" href=\"http:\/\/bcmw.com.mx\/productos\/gabinetes\/\" \/>\n<meta property=\"og:locale\" content=\"en_US\" \/>\n<meta property=\"og:type\" content=\"article\" \/>\n<meta property=\"og:title\" content=\"Cabinets\" \/>\n<meta property=\"og:url\" content=\"http:\/\/bcmw.com.mx\/productos\/gabinetes\/\" \/>\n<meta property=\"og:site_name\" content=\"B&amp;C Metal Work\" \/>\n<meta property=\"article:modified_time\" content=\"2024-05-01T19:14:50+00:00\" \/>\n<meta name=\"twitter:card\" content=\"summary_large_image\" \/>\n<script type=\"application\/ld+json\" class=\"yoast-schema-graph\">{\"@context\":\"https:\/\/schema.org\",\"@graph\":[{\"@type\":\"WebPage\",\"@id\":\"http:\/\/bcmw.com.mx\/productos\/gabinetes\/\",\"url\":\"http:\/\/bcmw.com.mx\/productos\/gabinetes\/\",\"name\":\"Gabinetes - La soluci\u00f3n perfecta para organizar y proteger sus equipos y herramientas.\",\"isPartOf\":{\"@id\":\"http:\/\/bcmw.com.mx\/#website\"},\"datePublished\":\"2024-04-02T18:45:12+00:00\",\"dateModified\":\"2024-05-01T19:14:50+00:00\",\"breadcrumb\":{\"@id\":\"http:\/\/bcmw.com.mx\/productos\/gabinetes\/#breadcrumb\"},\"inLanguage\":\"en-US\",\"potentialAction\":[{\"@type\":\"ReadAction\",\"target\":[\"http:\/\/bcmw.com.mx\/productos\/gabinetes\/\"]}]},{\"@type\":\"BreadcrumbList\",\"@id\":\"http:\/\/bcmw.com.mx\/productos\/gabinetes\/#breadcrumb\",\"itemListElement\":[{\"@type\":\"ListItem\",\"position\":1,\"name\":\"Home\",\"item\":\"http:\/\/bcmw.com.mx\/\"},{\"@type\":\"ListItem\",\"position\":2,\"name\":\"Products\",\"item\":\"http:\/\/bcmw.com.mx\/productos\/\"},{\"@type\":\"ListItem\",\"position\":3,\"name\":\"Cabinets\"}]},{\"@type\":\"WebSite\",\"@id\":\"http:\/\/bcmw.com.mx\/#website\",\"url\":\"http:\/\/bcmw.com.mx\/\",\"name\":\"B&C Metal Work\",\"description\":\"Fabricaci\u00f3n de alto volumen Metalmec\u00e1nica en Monterrey\",\"publisher\":{\"@id\":\"http:\/\/bcmw.com.mx\/#organization\"},\"potentialAction\":[{\"@type\":\"SearchAction\",\"target\":{\"@type\":\"EntryPoint\",\"urlTemplate\":\"http:\/\/bcmw.com.mx\/?s={search_term_string}\"},\"query-input\":\"required name=search_term_string\"}],\"inLanguage\":\"en-US\"},{\"@type\":\"Organization\",\"@id\":\"http:\/\/bcmw.com.mx\/#organization\",\"name\":\"B&C METAL WORK S.A. DE C.V.\",\"url\":\"http:\/\/bcmw.com.mx\/\",\"logo\":{\"@type\":\"ImageObject\",\"inLanguage\":\"en-US\",\"@id\":\"http:\/\/bcmw.com.mx\/#\/schema\/logo\/image\/\",\"url\":\"http:\/\/bcmw.com.mx\/wp-content\/uploads\/2024\/03\/cropped-favicon.png\",\"contentUrl\":\"http:\/\/bcmw.com.mx\/wp-content\/uploads\/2024\/03\/cropped-favicon.png\",\"width\":512,\"height\":512,\"caption\":\"B&C METAL WORK S.A. DE C.V.\"},\"image\":{\"@id\":\"http:\/\/bcmw.com.mx\/#\/schema\/logo\/image\/\"}}]}<\/script>\n<!-- \/ Yoast SEO plugin. -->","yoast_head_json":{"title":"Cabinets","robots":{"index":"index","follow":"follow","max-snippet":"max-snippet:-1","max-image-preview":"max-image-preview:large","max-video-preview":"max-video-preview:-1"},"canonical":"http:\/\/bcmw.com.mx\/productos\/gabinetes\/","og_locale":"en_US","og_type":"article","og_title":"Cabinets","og_url":"http:\/\/bcmw.com.mx\/productos\/gabinetes\/","og_site_name":"B&C Metal Work","article_modified_time":"2024-05-01T19:14:50+00:00","twitter_card":"summary_large_image","schema":{"@context":"https:\/\/schema.org","@graph":[{"@type":"WebPage","@id":"http:\/\/bcmw.com.mx\/productos\/gabinetes\/","url":"http:\/\/bcmw.com.mx\/productos\/gabinetes\/","name":"Gabinetes - La soluci\u00f3n perfecta para organizar y proteger sus equipos y herramientas.","isPartOf":{"@id":"http:\/\/bcmw.com.mx\/#website"},"datePublished":"2024-04-02T18:45:12+00:00","dateModified":"2024-05-01T19:14:50+00:00","breadcrumb":{"@id":"http:\/\/bcmw.com.mx\/productos\/gabinetes\/#breadcrumb"},"inLanguage":"en-US","potentialAction":[{"@type":"ReadAction","target":["http:\/\/bcmw.com.mx\/productos\/gabinetes\/"]}]},{"@type":"BreadcrumbList","@id":"http:\/\/bcmw.com.mx\/productos\/gabinetes\/#breadcrumb","itemListElement":[{"@type":"ListItem","position":1,"name":"Home","item":"http:\/\/bcmw.com.mx\/"},{"@type":"ListItem","position":2,"name":"Products","item":"http:\/\/bcmw.com.mx\/productos\/"},{"@type":"ListItem","position":3,"name":"Cabinets"}]},{"@type":"WebSite","@id":"http:\/\/bcmw.com.mx\/#website","url":"http:\/\/bcmw.com.mx\/","name":"B&C Metal Work","description":"Fabricaci\u00f3n de alto volumen Metalmec\u00e1nica en Monterrey","publisher":{"@id":"http:\/\/bcmw.com.mx\/#organization"},"potentialAction":[{"@type":"SearchAction","target":{"@type":"EntryPoint","urlTemplate":"http:\/\/bcmw.com.mx\/?s={search_term_string}"},"query-input":"required name=search_term_string"}],"inLanguage":"en-US"},{"@type":"Organization","@id":"http:\/\/bcmw.com.mx\/#organization","name":"B&C METAL WORK S.A. DE C.V.","url":"http:\/\/bcmw.com.mx\/","logo":{"@type":"ImageObject","inLanguage":"en-US","@id":"http:\/\/bcmw.com.mx\/#\/schema\/logo\/image\/","url":"http:\/\/bcmw.com.mx\/wp-content\/uploads\/2024\/03\/cropped-favicon.png","contentUrl":"http:\/\/bcmw.com.mx\/wp-content\/uploads\/2024\/03\/cropped-favicon.png","width":512,"height":512,"caption":"B&C METAL WORK S.A. DE C.V."},"image":{"@id":"http:\/\/bcmw.com.mx\/#\/schema\/logo\/image\/"}}]}},"_links":{"self":[{"href":"http:\/\/bcmw.com.mx\/wp-json\/wp\/v2\/pages\/737","targetHints":{"allow":["GET"]}}],"collection":[{"href":"http:\/\/bcmw.com.mx\/wp-json\/wp\/v2\/pages"}],"about":[{"href":"http:\/\/bcmw.com.mx\/wp-json\/wp\/v2\/types\/page"}],"author":[{"embeddable":true,"href":"http:\/\/bcmw.com.mx\/wp-json\/wp\/v2\/users\/1"}],"replies":[{"embeddable":true,"href":"http:\/\/bcmw.com.mx\/wp-json\/wp\/v2\/comments?post=737"}],"version-history":[{"count":42,"href":"http:\/\/bcmw.com.mx\/wp-json\/wp\/v2\/pages\/737\/revisions"}],"predecessor-version":[{"id":1689,"href":"http:\/\/bcmw.com.mx\/wp-json\/wp\/v2\/pages\/737\/revisions\/1689"}],"up":[{"embeddable":true,"href":"http:\/\/bcmw.com.mx\/wp-json\/wp\/v2\/pages\/742"}],"wp:attachment":[{"href":"http:\/\/bcmw.com.mx\/wp-json\/wp\/v2\/media?parent=737"}],"wp:term":[{"taxonomy":"folder","embeddable":true,"href":"http:\/\/bcmw.com.mx\/wp-json\/wp\/v2\/folder?post=737"}],"curies":[{"name":"wp","href":"https:\/\/api.w.org\/{rel}","templated":true}]}}